
{"id":7,"date":"2012-10-07T00:44:17","date_gmt":"2012-10-06T22:44:17","guid":{"rendered":"http:\/\/www.deutsch-kreuz.de\/?page_id=7"},"modified":"2014-10-29T19:14:40","modified_gmt":"2014-10-29T18:14:40","slug":"vorstand","status":"publish","type":"page","link":"https:\/\/www.deutsch-kreuz.de\/?page_id=7","title":{"rendered":"Vorstand"},"content":{"rendered":"<p><strong>Gesch\u00e4ftsf\u00fchrender Vorstand:<\/strong><\/p>\n<ul>\n<li>Dipl. Ing. Johann Hellwig (M\u00fcnchen), Vorsitzender<\/li>\n<li>Michael Folberth (Oberasbach), stellv. Vorsitzender<\/li>\n<li>Frieda Varwig (R\u00fcsselsheim), Kassenwart\/Gesch\u00e4ftsf\u00fchrerin<\/li>\n<li>Karin Artz (Eningen u.A.), Schriftf\u00fchrer<\/li>\n<\/ul>\n<p><strong>Erweiterter Vorstand:<\/strong><\/p>\n<ul>\n<li>Elfriede Imrich (Ludwigsburg), Kulturreferentin<\/li>\n<li>J\u00fcrgen Eichner (Geretsried), Jugendreferent<\/li>\n<li>Hilde Orend und Michael Eichner, Vertreter der M\u00fcnchner Nachbarschaft<\/li>\n<li>Wilhelm Folberth und Heinz Mai, Vertreter der Stuttgarter Nachbarschaft<\/li>\n<\/ul>\n<p><strong>Kassenpr\u00fcfer:<\/strong><\/p>\n<ul>\n<li>Anna Martini (Geretsried)<\/li>\n<li>Reinhard Schwartz (Hexenagger)<\/li>\n<\/ul>\n","protected":false},"excerpt":{"rendered":"<p>Gesch\u00e4ftsf\u00fchrender Vorstand: Dipl. Ing. Johann Hellwig (M\u00fcnchen), Vorsitzender Michael Folberth (Oberasbach), stellv. Vorsitzender Frieda Varwig (R\u00fcsselsheim), Kassenwart\/Gesch\u00e4ftsf\u00fchrerin Karin Artz (Eningen u.A.), Schriftf\u00fchrer Erweiterter Vorstand: Elfriede Imrich (Ludwigsburg), Kulturreferentin J\u00fcrgen Eichner (Geretsried), Jugendreferent Hilde Orend und Michael Eichner, Vertreter der M\u00fcnchner Nachbarschaft Wilhelm Folberth und Heinz Mai, Vertreter der Stuttgarter Nachbarschaft Kassenpr\u00fcfer: Anna Martini (Geretsried) Reinhard [&hellip;]<\/p>\n","protected":false},"author":1,"featured_media":0,"parent":0,"menu_order":10,"comment_status":"open","ping_status":"closed","template":"","meta":{"footnotes":""},"class_list":["post-7","page","type-page","status-publish","hentry"],"_links":{"self":[{"href":"https:\/\/www.deutsch-kreuz.de\/index.php?rest_route=\/wp\/v2\/pages\/7","targetHints":{"allow":["GET"]}}],"collection":[{"href":"https:\/\/www.deutsch-kreuz.de\/index.php?rest_route=\/wp\/v2\/pages"}],"about":[{"href":"https:\/\/www.deutsch-kreuz.de\/index.php?rest_route=\/wp\/v2\/types\/page"}],"author":[{"embeddable":true,"href":"https:\/\/www.deutsch-kreuz.de\/index.php?rest_route=\/wp\/v2\/users\/1"}],"replies":[{"embeddable":true,"href":"https:\/\/www.deutsch-kreuz.de\/index.php?rest_route=%2Fwp%2Fv2%2Fcomments&post=7"}],"version-history":[{"count":6,"href":"https:\/\/www.deutsch-kreuz.de\/index.php?rest_route=\/wp\/v2\/pages\/7\/revisions"}],"predecessor-version":[{"id":190,"href":"https:\/\/www.deutsch-kreuz.de\/index.php?rest_route=\/wp\/v2\/pages\/7\/revisions\/190"}],"wp:attachment":[{"href":"https:\/\/www.deutsch-kreuz.de\/index.php?rest_route=%2Fwp%2Fv2%2Fmedia&parent=7"}],"curies":[{"name":"wp","href":"https:\/\/api.w.org\/{rel}","templated":true}]}}